{"id":1069,"date":"2023-11-10T23:10:59","date_gmt":"2023-11-10T22:10:59","guid":{"rendered":"https:\/\/agamijewels.com\/?page_id=1069"},"modified":"2023-12-03T15:02:48","modified_gmt":"2023-12-03T14:02:48","slug":"about-agami","status":"publish","type":"page","link":"https:\/\/agamijewels.com\/it\/about-agami\/","title":{"rendered":"Agami"},"content":{"rendered":"<div data-elementor-type=\"wp-page\" data-elementor-id=\"1069\" class=\"elementor elementor-1069\" data-elementor-post-type=\"page\">\n\t\t\t\t<div class=\"elementor-element elementor-element-14dd388 e-flex e-con-boxed e-con e-parent\" data-id=\"14dd388\" data-element_type=\"container\">\n\t\t\t\t\t<div class=\"e-con-inner\">\n\t\t<div class=\"elementor-element elementor-element-c288ddf e-con-full e-flex e-con e-child\" data-id=\"c288ddf\" data-element_type=\"container\">\n\t\t\t\t<div class=\"elementor-element elementor-element-bde02d5 elementor-widget elementor-widget-theme-site-logo elementor-widget-image\" data-id=\"bde02d5\" data-element_type=\"widget\" data-widget_type=\"theme-site-logo.default\">\n\t\t\t\t<div class=\"elementor-widget-container\">\n\t\t\t\t\t\t\t\t\t\t\t<a href=\"https:\/\/agamijewels.com\/it\/\">\n\t\t\t<img fetchpriority=\"high\" decoding=\"async\" width=\"300\" height=\"212\" src=\"https:\/\/agamijewels.com\/wp-content\/uploads\/sites\/3\/2023\/05\/Logo-Agami-mei-2023-01-300x212.png\" class=\"attachment-medium size-medium wp-image-558\" alt=\"\" srcset=\"https:\/\/agamijewels.com\/wp-content\/uploads\/sites\/3\/2023\/05\/Logo-Agami-mei-2023-01-300x212.png 300w, https:\/\/agamijewels.com\/wp-content\/uploads\/sites\/3\/2023\/05\/Logo-Agami-mei-2023-01-1024x724.png 1024w, https:\/\/agamijewels.com\/wp-content\/uploads\/sites\/3\/2023\/05\/Logo-Agami-mei-2023-01-768x543.png 768w, https:\/\/agamijewels.com\/wp-content\/uploads\/sites\/3\/2023\/05\/Logo-Agami-mei-2023-01-1536x1086.png 1536w, https:\/\/agamijewels.com\/wp-content\/uploads\/sites\/3\/2023\/05\/Logo-Agami-mei-2023-01-2048x1448.png 2048w, https:\/\/agamijewels.com\/wp-content\/uploads\/sites\/3\/2023\/05\/Logo-Agami-mei-2023-01-600x424.png 600w\" sizes=\"(max-width: 300px) 100vw, 300px\" \/>\t\t\t\t<\/a>\n\t\t\t\t\t\t\t\t\t\t\t<\/div>\n\t\t\t\t<\/div>\n\t\t\t\t<div class=\"elementor-element elementor-element-0958e36 elementor-widget elementor-widget-heading\" data-id=\"0958e36\" data-element_type=\"widget\" data-widget_type=\"heading.default\">\n\t\t\t\t<div class=\"elementor-widget-container\">\n\t\t\t\t\t<h2 class=\"elementor-heading-title elementor-size-default\">Connessa alle mie radici<\/h2>\t\t\t\t<\/div>\n\t\t\t\t<\/div>\n\t\t\t\t<div class=\"elementor-element elementor-element-b44a9da elementor-widget elementor-widget-heading\" data-id=\"b44a9da\" data-element_type=\"widget\" data-widget_type=\"heading.default\">\n\t\t\t\t<div class=\"elementor-widget-container\">\n\t\t\t\t\t<h2 class=\"elementor-heading-title elementor-size-default\">attraverso l'arte di donare nuova vita<\/h2>\t\t\t\t<\/div>\n\t\t\t\t<\/div>\n\t\t\t\t<div class=\"elementor-element elementor-element-45262f6 elementor-widget elementor-widget-text-editor\" data-id=\"45262f6\" data-element_type=\"widget\" data-widget_type=\"text-editor.default\">\n\t\t\t\t<div class=\"elementor-widget-container\">\n\t\t\t\t\t\t\t\t\t<p><span style=\"text-align: var(--text-align)\"><span style=\"font-family: var( --e-global-typography-text-font-family ), Sans-serif\"><span style=\"font-style: var( --e-global-typography-text-font-style )\">Nascere in un luogo di mare fa s\u00ec che questo diventi parte integrante della tua essenza, creando il pi\u00f9 intimo legame con la natura che tu possa provare. Partire e lasciarlo alle spalle crea un vuoto indescrivibile.<\/span><\/span><span style=\"font-family: var( --e-global-typography-text-font-family ), Sans-serif\"><span style=\"font-style: var( --e-global-typography-text-font-style )\"> A 1600 km di distanza dalle coste d'Abruzzo, Agami \u00e8 il modo pi\u00f9 sublime che ho trovato per restare in contatto con tutto ci\u00f2 che il mare significa per me, rispettando il pianeta al massimo delle mie possibilit\u00e0.<\/span><\/span><\/span><\/p>\t\t\t\t\t\t\t\t<\/div>\n\t\t\t\t<\/div>\n\t\t\t\t<\/div>\n\t\t\t\t\t<\/div>\n\t\t\t\t<\/div>\n\t\t<div class=\"elementor-element elementor-element-f3ad911 e-flex e-con-boxed e-con e-parent\" data-id=\"f3ad911\" data-element_type=\"container\">\n\t\t\t\t\t<div class=\"e-con-inner\">\n\t\t<div class=\"elementor-element elementor-element-ab4d409 e-con-full e-flex e-con e-child\" data-id=\"ab4d409\" data-element_type=\"container\">\n\t\t\t\t<div class=\"elementor-element elementor-element-219237d elementor-widget elementor-widget-heading\" data-id=\"219237d\" data-element_type=\"widget\" data-widget_type=\"heading.default\">\n\t\t\t\t<div class=\"elementor-widget-container\">\n\t\t\t\t\t<h2 class=\"elementor-heading-title elementor-size-default\">IL MARE CON TE, SEMPRE<\/h2>\t\t\t\t<\/div>\n\t\t\t\t<\/div>\n\t\t\t\t<div class=\"elementor-element elementor-element-75aa246 elementor-widget__width-initial elementor-widget elementor-widget-text-editor\" data-id=\"75aa246\" data-element_type=\"widget\" data-widget_type=\"text-editor.default\">\n\t\t\t\t<div class=\"elementor-widget-container\">\n\t\t\t\t\t\t\t\t\t<p>In un'epoca frenetica\u00a0<span style=\"font-family: var( --e-global-typography-text-font-family ), Sans-serif;font-size: var( --e-global-typography-text-font-size );font-style: var( --e-global-typography-text-font-style );text-align: var(--text-align)\">dove il desiderio di avere sempre pi\u00f9 cose nuove e prodotte il pi\u00f9 velocemente possibile ha raggiunto il suo apice consumistico, Agami Jewels ti porta in riva al mare, dove il ritmo torna pi\u00f9 umano. Creati grazie ad un'arte lenta e attenta al dettaglio, i gioielli Agami ti fanno respirare di nuovo a pieni polmoni come se fossi l\u00ec, a piedi nudi sulla sabbia. Indossando ci\u00f2 che decenni fa era un oggetto di vetro scartato in mare da fabbriche e consumatori, trasformato nel tempo dalla forza delle onde in una gemma preziosa, dichiari uno stile forte e una forma mentis unica: ci\u00f2 che un tempo si \u00e8 rotto nasconde un immenso potenziale, il mio Agami Jewels ne \u00e8 la prova.\u00a0<\/span><\/p><p><span style=\"font-family: var( --e-global-typography-text-font-family ), Sans-serif;font-size: var( --e-global-typography-text-font-size );font-style: var( --e-global-typography-text-font-style );text-align: var(--text-align)\">Mi piace pensarla come una metafora per la vita stessa: dare un'altra possibilit\u00e0 alle cose e a se stessi, perch\u00e9 se le osservi attentamente brillano di luce propria. Indossa il tuo Agami con fierezza e porta il mare con te ovunque vai.<\/span><\/p>\t\t\t\t\t\t\t\t<\/div>\n\t\t\t\t<\/div>\n\t\t\t\t<\/div>\n\t\t<div class=\"elementor-element elementor-element-10ebfc0 e-con-full e-flex e-con e-child\" data-id=\"10ebfc0\" data-element_type=\"container\" data-settings=\"{&quot;background_background&quot;:&quot;classic&quot;}\">\n\t\t\t\t<\/div>\n\t\t\t\t\t<\/div>\n\t\t\t\t<\/div>\n\t\t<div class=\"elementor-element elementor-element-e9a546c e-flex e-con-boxed e-con e-parent\" data-id=\"e9a546c\" data-element_type=\"container\">\n\t\t\t\t\t<div class=\"e-con-inner\">\n\t\t<div class=\"elementor-element elementor-element-620b0a9 e-con-full e-flex e-con e-child\" data-id=\"620b0a9\" data-element_type=\"container\" data-settings=\"{&quot;background_background&quot;:&quot;classic&quot;}\">\n\t\t\t\t<\/div>\n\t\t<div class=\"elementor-element elementor-element-86aceae e-con-full e-flex e-con e-child\" data-id=\"86aceae\" data-element_type=\"container\">\n\t\t\t\t<div class=\"elementor-element elementor-element-9564ec7 elementor-widget elementor-widget-heading\" data-id=\"9564ec7\" data-element_type=\"widget\" data-widget_type=\"heading.default\">\n\t\t\t\t<div class=\"elementor-widget-container\">\n\t\t\t\t\t<h2 class=\"elementor-heading-title elementor-size-default\">FATTO A MANO AL FEMMINILE<\/h2>\t\t\t\t<\/div>\n\t\t\t\t<\/div>\n\t\t\t\t<div class=\"elementor-element elementor-element-bbe34fa elementor-widget elementor-widget-text-editor\" data-id=\"bbe34fa\" data-element_type=\"widget\" data-widget_type=\"text-editor.default\">\n\t\t\t\t<div class=\"elementor-widget-container\">\n\t\t\t\t\t\t\t\t\t<p>Agami Jewels \u00e8 arte da indossare creata da una donna alla scoperta dell'affascinante mondo dell'artigianato orafo. Ogni creazione \u00e8 accuratamente realizzata a mano e si impegna a rispettare l'ambiente in ogni fase del processo, da emissioni e scarti di produzione minimi a uno studio interamente arredato con mobili di seconda mano, fino al 95% di packaging ecologico. Oltre, naturalmente, all'utilizzo di materiali come il vetro levigato dal mare, raccolto fin da tenera et\u00e0 e nel tempo donato anche da clienti, amici e familiari, in caccia al tesoro sulle coste del mondo.<\/p><p>I gioielli spaziano da modelli minimalisti che catturano l'essenza dell'alba in riva al mare a pezzi audaci che evocano lo spirito selvaggio e indomito del mare in tutte le sue texture fluide e mai uguali.<\/p>\t\t\t\t\t\t\t\t<\/div>\n\t\t\t\t<\/div>\n\t\t\t\t<\/div>\n\t\t\t\t\t<\/div>\n\t\t\t\t<\/div>\n\t\t<div class=\"elementor-element elementor-element-0353f5e e-flex e-con-boxed e-con e-parent\" data-id=\"0353f5e\" data-element_type=\"container\">\n\t\t\t\t\t<div class=\"e-con-inner\">\n\t\t<div class=\"elementor-element elementor-element-54eb366 e-con-full e-flex e-con e-child\" data-id=\"54eb366\" data-element_type=\"container\">\n\t\t\t\t<div class=\"elementor-element elementor-element-53069d5 elementor-widget elementor-widget-heading\" data-id=\"53069d5\" data-element_type=\"widget\" data-widget_type=\"heading.default\">\n\t\t\t\t<div class=\"elementor-widget-container\">\n\t\t\t\t\t<h2 class=\"elementor-heading-title elementor-size-default\">tesori senza tempo<\/h2>\t\t\t\t<\/div>\n\t\t\t\t<\/div>\n\t\t\t\t<div class=\"elementor-element elementor-element-5bb1cad elementor-widget elementor-widget-text-editor\" data-id=\"5bb1cad\" data-element_type=\"widget\" data-widget_type=\"text-editor.default\">\n\t\t\t\t<div class=\"elementor-widget-container\">\n\t\t\t\t\t\t\t\t\t<p>Il vetro levigato dal mare \u00e8 davvero unico in tutti i suoi colori e forme, non ne esistono due uguali. Nel corso degli anni, collezionando i pezzi pi\u00f9 unici che riuscivo a trovare, ho scoperto che molti colori sono estremamente rari e possono avere anche centinaia di anni, come il rosso, l'ottanio, il turchese, il giallo limone, l'arancione, il rosa, il viola e il multicolore. Cercarli in riva nella mia citt\u00e0 e in viaggio \u00e8 diventato un potente strumento meditativo. Non mi annoier\u00f2 mai di farlo.<\/p><p>Vivi vicino al mare e ami anche tu collezionare vetrini, magari in vacanza? Contattami per trasformare i tuoi ricordi in gioielli dal design unico.<\/p>\t\t\t\t\t\t\t\t<\/div>\n\t\t\t\t<\/div>\n\t\t\t\t<\/div>\n\t\t<div class=\"elementor-element elementor-element-b549691 e-con-full e-flex e-con e-child\" data-id=\"b549691\" data-element_type=\"container\" data-settings=\"{&quot;background_background&quot;:&quot;classic&quot;}\">\n\t\t\t\t<\/div>\n\t\t\t\t\t<\/div>\n\t\t\t\t<\/div>\n\t\t\t\t<\/div>","protected":false},"excerpt":{"rendered":"<p>\/*! elementor &#8211; v3.17.0 &#8211; 08-11-2023 *\/ .elementor-heading-title{padding:0;margin:0;line-height:1}.elementor-widget-heading .elementor-heading-title[class*=elementor-size-]&gt;a{color:inherit;font-size:inherit;line-height:inherit}.elementor-widget-heading .elementor-heading-title.elementor-size-small{font-size:15px}.elementor-widget-heading .elementor-heading-title.elementor-size-medium{font-size:19px}.elementor-widget-heading .elementor-heading-title.elementor-size-large{font-size:29px}.elementor-widget-heading .elementor-heading-title.elementor-size-xl{font-size:39px}.elementor-widget-heading .elementor-heading-title.elementor-size-xxl{font-size:59px} Connected to my roots THROUGH THE ART OF GIVING NEW LIFE Being born in a place by the sea makes it an integral part of your essence, creating the most intimate connection with nature that you could experience. Leaving it behind [&hellip;]<\/p>","protected":false},"author":1,"featured_media":0,"parent":0,"menu_order":0,"comment_status":"closed","ping_status":"closed","template":"","meta":{"footnotes":""},"class_list":["post-1069","page","type-page","status-publish","hentry"],"_links":{"self":[{"href":"https:\/\/agamijewels.com\/it\/wp-json\/wp\/v2\/pages\/1069","targetHints":{"allow":["GET"]}}],"collection":[{"href":"https:\/\/agamijewels.com\/it\/wp-json\/wp\/v2\/pages"}],"about":[{"href":"https:\/\/agamijewels.com\/it\/wp-json\/wp\/v2\/types\/page"}],"author":[{"embeddable":true,"href":"https:\/\/agamijewels.com\/it\/wp-json\/wp\/v2\/users\/1"}],"replies":[{"embeddable":true,"href":"https:\/\/agamijewels.com\/it\/wp-json\/wp\/v2\/comments?post=1069"}],"version-history":[{"count":0,"href":"https:\/\/agamijewels.com\/it\/wp-json\/wp\/v2\/pages\/1069\/revisions"}],"wp:attachment":[{"href":"https:\/\/agamijewels.com\/it\/wp-json\/wp\/v2\/media?parent=1069"}],"curies":[{"name":"wp","href":"https:\/\/api.w.org\/{rel}","templated":true}]}}